{"id":87,"date":"2016-01-20T10:39:03","date_gmt":"2016-01-20T08:39:03","guid":{"rendered":"http:\/\/www.alteo.sk\/?page_id=87"},"modified":"2016-04-09T23:05:58","modified_gmt":"2016-04-09T21:05:58","slug":"kontakt-2","status":"publish","type":"page","link":"https:\/\/www.alteo.sk\/?page_id=87","title":{"rendered":"Kontakt"},"content":{"rendered":"<p>Zabezpe\u010d\u00edme V\u00e1m komplexn\u00e9 upratovacie slu\u017eby v Bratislave, v Senci a okol\u00ed. Na\u0161a upratovacia firma sa zaviazala poskytova\u0165 vynikaj\u00face slu\u017eby, od \u017eehlenia a dom\u00e1cich pr\u00e1c, a\u017e po upratovanie kancel\u00e1rskych priestorov a priemyseln\u00e9ho \u010distenia kobercov. S na\u0161imi flexibiln\u00fdmi slu\u017ebami a n\u00edzkymi cenami z\u00edskate kvalitn\u00fd servis.<\/p>\n<p>Ak m\u00e1te z\u00e1ujem o na\u0161e slu\u017eby, kontaktujte n\u00e1s:<\/p>\n<p>info@alteo.sk<\/p>\n<p>+421 903 620 919<\/p>\n","protected":false},"excerpt":{"rendered":"<p>Zabezpe\u010d\u00edme V\u00e1m komplexn\u00e9 upratovacie slu\u017eby v Bratislave, v Senci a okol\u00ed. Na\u0161a upratovacia firma sa zaviazala poskytova\u0165 vynikaj\u00face slu\u017eby, od \u017eehlenia a dom\u00e1cich pr\u00e1c, a\u017e po upratovanie kancel\u00e1rskych priestorov a priemyseln\u00e9ho \u010distenia kobercov. S na\u0161imi flexibiln\u00fdmi slu\u017ebami a n\u00edzkymi cenami z\u00edskate kvalitn\u00fd servis. Ak m\u00e1te z\u00e1ujem o na\u0161e slu\u017eby, kontaktujte n\u00e1s: info@alteo.sk +421 903 620 919<\/p>\n","protected":false},"author":1,"featured_media":0,"parent":0,"menu_order":0,"comment_status":"closed","ping_status":"closed","template":"","meta":{"footnotes":""},"class_list":["post-87","page","type-page","status-publish","hentry"],"_links":{"self":[{"href":"https:\/\/www.alteo.sk\/index.php?rest_route=\/wp\/v2\/pages\/87","targetHints":{"allow":["GET"]}}],"collection":[{"href":"https:\/\/www.alteo.sk\/index.php?rest_route=\/wp\/v2\/pages"}],"about":[{"href":"https:\/\/www.alteo.sk\/index.php?rest_route=\/wp\/v2\/types\/page"}],"author":[{"embeddable":true,"href":"https:\/\/www.alteo.sk\/index.php?rest_route=\/wp\/v2\/users\/1"}],"replies":[{"embeddable":true,"href":"https:\/\/www.alteo.sk\/index.php?rest_route=%2Fwp%2Fv2%2Fcomments&post=87"}],"version-history":[{"count":3,"href":"https:\/\/www.alteo.sk\/index.php?rest_route=\/wp\/v2\/pages\/87\/revisions"}],"predecessor-version":[{"id":130,"href":"https:\/\/www.alteo.sk\/index.php?rest_route=\/wp\/v2\/pages\/87\/revisions\/130"}],"wp:attachment":[{"href":"https:\/\/www.alteo.sk\/index.php?rest_route=%2Fwp%2Fv2%2Fmedia&parent=87"}],"curies":[{"name":"wp","href":"https:\/\/api.w.org\/{rel}","templated":true}]}}