{"id":83,"date":"2016-01-20T10:38:14","date_gmt":"2016-01-20T08:38:14","guid":{"rendered":"http:\/\/www.alteo.sk\/?page_id=83"},"modified":"2016-03-16T22:36:28","modified_gmt":"2016-03-16T20:36:28","slug":"upratovanie-firiem","status":"publish","type":"page","link":"https:\/\/www.alteo.sk\/?page_id=83","title":{"rendered":"Upratovanie firiem"},"content":{"rendered":"<p style=\"text-align: justify;\">Ka\u017ed\u00fd majite\u013e firmy a mana\u017e\u00e9r vie, \u017ee aj upratovanie m\u00e1 ve\u013ek\u00fd v\u00fdznam pre prosperitu spolo\u010dnosti. \u010cist\u00fd a svie\u017ei vzh\u013ead pracovn\u00fdch priestorov je pre existuj\u00facich, ako aj pre potenci\u00e1lnych klientov pr\u00ed\u0165a\u017elivej\u0161\u00ed. \u010ci u\u017e vlastn\u00edte alebo rozbiehate firmu, vyu\u017eite upratovac\u00ed servis ALTEO. V pr\u00edpade vyu\u017eitia na\u0161ich slu\u017eieb si m\u00f4\u017eete by\u0165 ist\u00ed, \u017ee Va\u0161e o\u010dak\u00e1vania bud\u00fa splnen\u00e9 profesion\u00e1lne, efekt\u00edvne a za rozumn\u00fa cenu.<\/p>\n<p><strong>Pr\u00e1ce zahrnut\u00e9 v cene z\u00e1kladn\u00e9ho upratovania:<\/strong><\/p>\n<ul>\n<li>umytie tvrd\u00fdch podl\u00e1h<\/li>\n<li>vys\u00e1vanie kobercov<\/li>\n<li>odstr\u00e1nenie prachu z kancel\u00e1rskeho n\u00e1bytku a in\u00fdch vo\u013en\u00fdch pl\u00f4ch<\/li>\n<li>z\u00e1kladn\u00e9 vy\u010distenie PC techniky zvonku<\/li>\n<li>poutieranie dvier a z\u00e1rubn\u00ed<\/li>\n<li>vy\u010distenie sklenn\u00fdch povrchov mimo okien<\/li>\n<li>vysypanie smetn\u00e9ho ko\u0161a<\/li>\n<\/ul>\n<p><strong><strong>Pr\u00e1ce za pr\u00edplatok, nad r\u00e1mec z\u00e1kladn\u00e9ho upratovania:<\/strong><\/strong><\/p>\n<ul>\n<li>tepovanie<\/li>\n<li>um\u00fdvanie okien<\/li>\n<\/ul>\n<p>V pr\u00edpade z\u00e1ujmu n\u00e1s kontaktujte a my V\u00e1m do 24 hod\u00edn vypracujeme cenov\u00fa ponuku.<\/p>\n","protected":false},"excerpt":{"rendered":"<p>Ka\u017ed\u00fd majite\u013e firmy a mana\u017e\u00e9r vie, \u017ee aj upratovanie m\u00e1 ve\u013ek\u00fd v\u00fdznam pre prosperitu spolo\u010dnosti. \u010cist\u00fd a svie\u017ei vzh\u013ead pracovn\u00fdch priestorov je pre existuj\u00facich, ako aj pre potenci\u00e1lnych klientov pr\u00ed\u0165a\u017elivej\u0161\u00ed. \u010ci u\u017e vlastn\u00edte alebo rozbiehate firmu, vyu\u017eite upratovac\u00ed servis ALTEO. V pr\u00edpade vyu\u017eitia na\u0161ich slu\u017eieb si m\u00f4\u017eete by\u0165 ist\u00ed, \u017ee Va\u0161e o\u010dak\u00e1vania bud\u00fa splnen\u00e9 profesion\u00e1lne, efekt\u00edvne a za rozumn\u00fa cenu. Pr\u00e1ce zahrnut\u00e9 v cene z\u00e1kladn\u00e9ho upratovania: umytie tvrd\u00fdch podl\u00e1h vys\u00e1vanie kobercov odstr\u00e1nenie prachu z kancel\u00e1rskeho n\u00e1bytku a in\u00fdch vo\u013en\u00fdch pl\u00f4ch [&hellip;]<\/p>\n","protected":false},"author":1,"featured_media":0,"parent":0,"menu_order":0,"comment_status":"closed","ping_status":"closed","template":"","meta":{"footnotes":""},"class_list":["post-83","page","type-page","status-publish","hentry"],"_links":{"self":[{"href":"https:\/\/www.alteo.sk\/index.php?rest_route=\/wp\/v2\/pages\/83","targetHints":{"allow":["GET"]}}],"collection":[{"href":"https:\/\/www.alteo.sk\/index.php?rest_route=\/wp\/v2\/pages"}],"about":[{"href":"https:\/\/www.alteo.sk\/index.php?rest_route=\/wp\/v2\/types\/page"}],"author":[{"embeddable":true,"href":"https:\/\/www.alteo.sk\/index.php?rest_route=\/wp\/v2\/users\/1"}],"replies":[{"embeddable":true,"href":"https:\/\/www.alteo.sk\/index.php?rest_route=%2Fwp%2Fv2%2Fcomments&post=83"}],"version-history":[{"count":6,"href":"https:\/\/www.alteo.sk\/index.php?rest_route=\/wp\/v2\/pages\/83\/revisions"}],"predecessor-version":[{"id":124,"href":"https:\/\/www.alteo.sk\/index.php?rest_route=\/wp\/v2\/pages\/83\/revisions\/124"}],"wp:attachment":[{"href":"https:\/\/www.alteo.sk\/index.php?rest_route=%2Fwp%2Fv2%2Fmedia&parent=83"}],"curies":[{"name":"wp","href":"https:\/\/api.w.org\/{rel}","templated":true}]}}