{"id":108,"date":"2016-03-15T20:47:00","date_gmt":"2016-03-15T18:47:00","guid":{"rendered":"http:\/\/www.alteo.sk\/?page_id=108"},"modified":"2016-03-15T23:26:25","modified_gmt":"2016-03-15T21:26:25","slug":"kariera-2","status":"publish","type":"page","link":"https:\/\/www.alteo.sk\/?page_id=108","title":{"rendered":"Kari\u00e9ra"},"content":{"rendered":"<p>V pr\u00edpade z\u00e1ujmu sta\u0165 sa s\u00fa\u010das\u0165ou n\u00e1\u0161ho t\u00edmu n\u00e1s kontaktujte emailom alebo telefonicky.<\/p>\n","protected":false},"excerpt":{"rendered":"<p>V pr\u00edpade z\u00e1ujmu sta\u0165 sa s\u00fa\u010das\u0165ou n\u00e1\u0161ho t\u00edmu n\u00e1s kontaktujte emailom alebo telefonicky.<\/p>\n","protected":false},"author":1,"featured_media":0,"parent":0,"menu_order":0,"comment_status":"closed","ping_status":"closed","template":"","meta":{"footnotes":""},"class_list":["post-108","page","type-page","status-publish","hentry"],"_links":{"self":[{"href":"https:\/\/www.alteo.sk\/index.php?rest_route=\/wp\/v2\/pages\/108","targetHints":{"allow":["GET"]}}],"collection":[{"href":"https:\/\/www.alteo.sk\/index.php?rest_route=\/wp\/v2\/pages"}],"about":[{"href":"https:\/\/www.alteo.sk\/index.php?rest_route=\/wp\/v2\/types\/page"}],"author":[{"embeddable":true,"href":"https:\/\/www.alteo.sk\/index.php?rest_route=\/wp\/v2\/users\/1"}],"replies":[{"embeddable":true,"href":"https:\/\/www.alteo.sk\/index.php?rest_route=%2Fwp%2Fv2%2Fcomments&post=108"}],"version-history":[{"count":2,"href":"https:\/\/www.alteo.sk\/index.php?rest_route=\/wp\/v2\/pages\/108\/revisions"}],"predecessor-version":[{"id":123,"href":"https:\/\/www.alteo.sk\/index.php?rest_route=\/wp\/v2\/pages\/108\/revisions\/123"}],"wp:attachment":[{"href":"https:\/\/www.alteo.sk\/index.php?rest_route=%2Fwp%2Fv2%2Fmedia&parent=108"}],"curies":[{"name":"wp","href":"https:\/\/api.w.org\/{rel}","templated":true}]}}